{"id":7017,"date":"2025-10-20T11:47:26","date_gmt":"2025-10-20T09:47:26","guid":{"rendered":"https:\/\/shop.bizarrverlag.com\/?post_type=product&#038;p=7017"},"modified":"2025-12-15T19:03:17","modified_gmt":"2025-12-15T18:03:17","slug":"design-klappkarte-17101","status":"publish","type":"product","link":"https:\/\/shop.bizarrverlag.com\/?product=design-klappkarte-17101","title":{"rendered":"Modern Design Klappkarte 17101"},"content":{"rendered":"","protected":false},"excerpt":{"rendered":"<p>Gr\u00f6\u00dfe 10,5 x 14,8 cm, mit braunem Recycling-Qualit\u00e4tsumschlag<\/p>\n","protected":false},"featured_media":7018,"template":"","meta":[],"product_cat":[155],"product_tag":[],"_links":{"self":[{"href":"https:\/\/shop.bizarrverlag.com\/index.php?rest_route=\/wp\/v2\/product\/7017"}],"collection":[{"href":"https:\/\/shop.bizarrverlag.com\/index.php?rest_route=\/wp\/v2\/product"}],"about":[{"href":"https:\/\/shop.bizarrverlag.com\/index.php?rest_route=\/wp\/v2\/types\/product"}],"wp:featuredmedia":[{"embeddable":true,"href":"https:\/\/shop.bizarrverlag.com\/index.php?rest_route=\/wp\/v2\/media\/7018"}],"wp:attachment":[{"href":"https:\/\/shop.bizarrverlag.com\/index.php?rest_route=%2Fwp%2Fv2%2Fmedia&parent=7017"}],"wp:term":[{"taxonomy":"product_cat","embeddable":true,"href":"https:\/\/shop.bizarrverlag.com\/index.php?rest_route=%2Fwp%2Fv2%2Fproduct_cat&post=7017"},{"taxonomy":"product_tag","embeddable":true,"href":"https:\/\/shop.bizarrverlag.com\/index.php?rest_route=%2Fwp%2Fv2%2Fproduct_tag&post=7017"}],"curies":[{"name":"wp","href":"https:\/\/api.w.org\/{rel}","templated":true}]}}