{"id":6582,"date":"2025-03-11T14:20:19","date_gmt":"2025-03-11T13:20:19","guid":{"rendered":"https:\/\/shop.bizarrverlag.com\/?post_type=product&#038;p=6582"},"modified":"2025-12-15T19:03:57","modified_gmt":"2025-12-15T18:03:57","slug":"a6-klappkarte-17114","status":"publish","type":"product","link":"https:\/\/shop.bizarrverlag.com\/?product=a6-klappkarte-17114","title":{"rendered":"Modern Design Klappkarte 17114"},"content":{"rendered":"","protected":false},"excerpt":{"rendered":"<p>Gr\u00f6\u00dfe 10,5 x 14,8 cm, mit braunem Recycling-Qualit\u00e4tsumschlag<\/p>\n","protected":false},"featured_media":6583,"template":"","meta":[],"product_cat":[155],"product_tag":[],"_links":{"self":[{"href":"https:\/\/shop.bizarrverlag.com\/index.php?rest_route=\/wp\/v2\/product\/6582"}],"collection":[{"href":"https:\/\/shop.bizarrverlag.com\/index.php?rest_route=\/wp\/v2\/product"}],"about":[{"href":"https:\/\/shop.bizarrverlag.com\/index.php?rest_route=\/wp\/v2\/types\/product"}],"wp:featuredmedia":[{"embeddable":true,"href":"https:\/\/shop.bizarrverlag.com\/index.php?rest_route=\/wp\/v2\/media\/6583"}],"wp:attachment":[{"href":"https:\/\/shop.bizarrverlag.com\/index.php?rest_route=%2Fwp%2Fv2%2Fmedia&parent=6582"}],"wp:term":[{"taxonomy":"product_cat","embeddable":true,"href":"https:\/\/shop.bizarrverlag.com\/index.php?rest_route=%2Fwp%2Fv2%2Fproduct_cat&post=6582"},{"taxonomy":"product_tag","embeddable":true,"href":"https:\/\/shop.bizarrverlag.com\/index.php?rest_route=%2Fwp%2Fv2%2Fproduct_tag&post=6582"}],"curies":[{"name":"wp","href":"https:\/\/api.w.org\/{rel}","templated":true}]}}