{"id":6133,"date":"2024-06-24T18:22:28","date_gmt":"2024-06-24T16:22:28","guid":{"rendered":"https:\/\/shop.bizarrverlag.com\/?post_type=product&#038;p=6133"},"modified":"2026-04-09T16:24:31","modified_gmt":"2026-04-09T14:24:31","slug":"tuellroeckchenkarte-16219","status":"publish","type":"product","link":"https:\/\/shop.bizarrverlag.com\/?product=tuellroeckchenkarte-16219","title":{"rendered":"T\u00fcllr\u00f6ckchenkarte 16219"},"content":{"rendered":"","protected":false},"excerpt":{"rendered":"<p>Karte mit aufgesticktem T\u00fcllr\u00f6chen. Handmade in Spain.<\/p>\n","protected":false},"featured_media":6134,"template":"","meta":[],"product_cat":[148,34],"product_tag":[],"_links":{"self":[{"href":"https:\/\/shop.bizarrverlag.com\/index.php?rest_route=\/wp\/v2\/product\/6133"}],"collection":[{"href":"https:\/\/shop.bizarrverlag.com\/index.php?rest_route=\/wp\/v2\/product"}],"about":[{"href":"https:\/\/shop.bizarrverlag.com\/index.php?rest_route=\/wp\/v2\/types\/product"}],"wp:featuredmedia":[{"embeddable":true,"href":"https:\/\/shop.bizarrverlag.com\/index.php?rest_route=\/wp\/v2\/media\/6134"}],"wp:attachment":[{"href":"https:\/\/shop.bizarrverlag.com\/index.php?rest_route=%2Fwp%2Fv2%2Fmedia&parent=6133"}],"wp:term":[{"taxonomy":"product_cat","embeddable":true,"href":"https:\/\/shop.bizarrverlag.com\/index.php?rest_route=%2Fwp%2Fv2%2Fproduct_cat&post=6133"},{"taxonomy":"product_tag","embeddable":true,"href":"https:\/\/shop.bizarrverlag.com\/index.php?rest_route=%2Fwp%2Fv2%2Fproduct_tag&post=6133"}],"curies":[{"name":"wp","href":"https:\/\/api.w.org\/{rel}","templated":true}]}}