{"id":5014,"date":"2023-04-07T18:01:12","date_gmt":"2023-04-07T16:01:12","guid":{"rendered":"https:\/\/shop.bizarrverlag.com\/?post_type=product&#038;p=5014"},"modified":"2025-12-31T18:04:00","modified_gmt":"2025-12-31T17:04:00","slug":"a6-klappkarte-17100","status":"publish","type":"product","link":"https:\/\/shop.bizarrverlag.com\/?product=a6-klappkarte-17100","title":{"rendered":"Modern Design Klappkarte 17100"},"content":{"rendered":"","protected":false},"excerpt":{"rendered":"<p>Gr\u00f6\u00dfe 10,5 x 14,8 cm, mit braunem Recycling-Qualit\u00e4tsumschlag<\/p>\n","protected":false},"featured_media":5015,"template":"","meta":[],"product_cat":[155,143],"product_tag":[],"_links":{"self":[{"href":"https:\/\/shop.bizarrverlag.com\/index.php?rest_route=\/wp\/v2\/product\/5014"}],"collection":[{"href":"https:\/\/shop.bizarrverlag.com\/index.php?rest_route=\/wp\/v2\/product"}],"about":[{"href":"https:\/\/shop.bizarrverlag.com\/index.php?rest_route=\/wp\/v2\/types\/product"}],"wp:featuredmedia":[{"embeddable":true,"href":"https:\/\/shop.bizarrverlag.com\/index.php?rest_route=\/wp\/v2\/media\/5015"}],"wp:attachment":[{"href":"https:\/\/shop.bizarrverlag.com\/index.php?rest_route=%2Fwp%2Fv2%2Fmedia&parent=5014"}],"wp:term":[{"taxonomy":"product_cat","embeddable":true,"href":"https:\/\/shop.bizarrverlag.com\/index.php?rest_route=%2Fwp%2Fv2%2Fproduct_cat&post=5014"},{"taxonomy":"product_tag","embeddable":true,"href":"https:\/\/shop.bizarrverlag.com\/index.php?rest_route=%2Fwp%2Fv2%2Fproduct_tag&post=5014"}],"curies":[{"name":"wp","href":"https:\/\/api.w.org\/{rel}","templated":true}]}}