{"id":4943,"date":"2023-02-27T15:50:51","date_gmt":"2023-02-27T14:50:51","guid":{"rendered":"https:\/\/shop.bizarrverlag.com\/?post_type=product&#038;p=4943"},"modified":"2025-12-15T19:06:13","modified_gmt":"2025-12-15T18:06:13","slug":"a-6-klappkarte-17108","status":"publish","type":"product","link":"https:\/\/shop.bizarrverlag.com\/?product=a-6-klappkarte-17108","title":{"rendered":"Modern Design Klappkarte 17108"},"content":{"rendered":"","protected":false},"excerpt":{"rendered":"<p>Gr\u00f6\u00dfe 10,5 x 14,8 cm, mit braunem Recycling-Qualit\u00e4tsumschlag<\/p>\n","protected":false},"featured_media":4047,"template":"","meta":[],"product_cat":[155],"product_tag":[],"_links":{"self":[{"href":"https:\/\/shop.bizarrverlag.com\/index.php?rest_route=\/wp\/v2\/product\/4943"}],"collection":[{"href":"https:\/\/shop.bizarrverlag.com\/index.php?rest_route=\/wp\/v2\/product"}],"about":[{"href":"https:\/\/shop.bizarrverlag.com\/index.php?rest_route=\/wp\/v2\/types\/product"}],"wp:featuredmedia":[{"embeddable":true,"href":"https:\/\/shop.bizarrverlag.com\/index.php?rest_route=\/wp\/v2\/media\/4047"}],"wp:attachment":[{"href":"https:\/\/shop.bizarrverlag.com\/index.php?rest_route=%2Fwp%2Fv2%2Fmedia&parent=4943"}],"wp:term":[{"taxonomy":"product_cat","embeddable":true,"href":"https:\/\/shop.bizarrverlag.com\/index.php?rest_route=%2Fwp%2Fv2%2Fproduct_cat&post=4943"},{"taxonomy":"product_tag","embeddable":true,"href":"https:\/\/shop.bizarrverlag.com\/index.php?rest_route=%2Fwp%2Fv2%2Fproduct_tag&post=4943"}],"curies":[{"name":"wp","href":"https:\/\/api.w.org\/{rel}","templated":true}]}}