{"id":3977,"date":"2021-09-22T16:25:42","date_gmt":"2021-09-22T14:25:42","guid":{"rendered":"https:\/\/shop.bizarrverlag.com\/?post_type=product&#038;p=3977"},"modified":"2025-12-15T19:07:12","modified_gmt":"2025-12-15T18:07:12","slug":"klappkarte-1799","status":"publish","type":"product","link":"https:\/\/shop.bizarrverlag.com\/?product=klappkarte-1799","title":{"rendered":"Modern Design Klappkarte 1799"},"content":{"rendered":"","protected":false},"excerpt":{"rendered":"<p>Gr\u00f6\u00dfe 10,5 x 14,8 cm, mit braunem Recycling-Qualit\u00e4tsumschlag<\/p>\n","protected":false},"featured_media":4043,"template":"","meta":[],"product_cat":[155],"product_tag":[],"_links":{"self":[{"href":"https:\/\/shop.bizarrverlag.com\/index.php?rest_route=\/wp\/v2\/product\/3977"}],"collection":[{"href":"https:\/\/shop.bizarrverlag.com\/index.php?rest_route=\/wp\/v2\/product"}],"about":[{"href":"https:\/\/shop.bizarrverlag.com\/index.php?rest_route=\/wp\/v2\/types\/product"}],"wp:featuredmedia":[{"embeddable":true,"href":"https:\/\/shop.bizarrverlag.com\/index.php?rest_route=\/wp\/v2\/media\/4043"}],"wp:attachment":[{"href":"https:\/\/shop.bizarrverlag.com\/index.php?rest_route=%2Fwp%2Fv2%2Fmedia&parent=3977"}],"wp:term":[{"taxonomy":"product_cat","embeddable":true,"href":"https:\/\/shop.bizarrverlag.com\/index.php?rest_route=%2Fwp%2Fv2%2Fproduct_cat&post=3977"},{"taxonomy":"product_tag","embeddable":true,"href":"https:\/\/shop.bizarrverlag.com\/index.php?rest_route=%2Fwp%2Fv2%2Fproduct_tag&post=3977"}],"curies":[{"name":"wp","href":"https:\/\/api.w.org\/{rel}","templated":true}]}}