{"id":3886,"date":"2021-04-14T19:22:13","date_gmt":"2021-09-12T14:51:29","guid":{"rendered":"https:\/\/shop.bizarrverlag.com\/?product=cutting-board-4015"},"modified":"2021-09-12T16:51:29","modified_gmt":"2021-09-12T14:51:29","slug":"brettchen-4015-2","status":"publish","type":"product","link":"https:\/\/shop.bizarrverlag.com\/?product=brettchen-4015-2&lang=en","title":{"rendered":"cutting board 4015"},"content":{"rendered":"","protected":false},"excerpt":{"rendered":"<p><span style=\"font-family: Arial, Helvetica, sans-serif;\"><strong><span>FR\u00dcHST\u00dcCKSBRETTCHEN &#8222;\u00dcBEN&#8220;<br \/>\n<\/span><\/strong>Jeden Tag nimmt man es sich vor. Dieses Brettchen motiviert! <\/span><\/p>\n","protected":false},"featured_media":2906,"template":"","meta":[],"product_cat":[96],"product_tag":[],"_links":{"self":[{"href":"https:\/\/shop.bizarrverlag.com\/index.php?rest_route=\/wp\/v2\/product\/3886"}],"collection":[{"href":"https:\/\/shop.bizarrverlag.com\/index.php?rest_route=\/wp\/v2\/product"}],"about":[{"href":"https:\/\/shop.bizarrverlag.com\/index.php?rest_route=\/wp\/v2\/types\/product"}],"wp:featuredmedia":[{"embeddable":true,"href":"https:\/\/shop.bizarrverlag.com\/index.php?rest_route=\/wp\/v2\/media\/2906"}],"wp:attachment":[{"href":"https:\/\/shop.bizarrverlag.com\/index.php?rest_route=%2Fwp%2Fv2%2Fmedia&parent=3886"}],"wp:term":[{"taxonomy":"product_cat","embeddable":true,"href":"https:\/\/shop.bizarrverlag.com\/index.php?rest_route=%2Fwp%2Fv2%2Fproduct_cat&post=3886"},{"taxonomy":"product_tag","embeddable":true,"href":"https:\/\/shop.bizarrverlag.com\/index.php?rest_route=%2Fwp%2Fv2%2Fproduct_tag&post=3886"}],"curies":[{"name":"wp","href":"https:\/\/api.w.org\/{rel}","templated":true}]}}