{"id":382,"date":"2021-02-11T17:52:28","date_gmt":"2021-02-11T16:52:28","guid":{"rendered":"http:\/\/wordpress.p499382.webspaceconfig.de\/?post_type=product&#038;p=382"},"modified":"2025-06-08T15:40:43","modified_gmt":"2025-06-08T13:40:43","slug":"hotel-rooms","status":"publish","type":"product","link":"https:\/\/shop.bizarrverlag.com\/?product=hotel-rooms","title":{"rendered":"(Buch) HOTEL ROOMS"},"content":{"rendered":"<p><span style=\"font-family: Arial, Helvetica, sans-serif;\">Was Leute verpassen, die immer in H\u00e4usern derselben Hotelkette absteigen, nur um ja keine \u00dcberraschung zu erleben, wird in diesem aufwendigen Bildband gezeigt: Ventilatoren, Durchblicke, Betten, Kleiderb\u00fcgel, Nachttischlampen, Telefone, Waschecken, Vorh\u00e4nge und Toiletten mit Witz und Kontrast kombiniert. Dazu erz\u00e4hlen Geschichten vom Rattern des Ventilators, Sex auf rostigen Bettgestellen und der Suche nach dem \u201crichtigen Raum\u201d.<\/span><br \/>\n&#8222;Voller Pathos, Kiffertr\u00e4umen, Kakerlaken-Horror, Alptraum-Fantasien, Lust und Liebe. Ein Coffeetablebuch von und f\u00fcr Aficionados, mit vielen Ideen und Liebe f\u00fcr Detail.&#8220; (IN M\u00dcNCHEN)<br \/>\n&#8222;Anonyme Orte von Heimatlosigkeit in all ihrer melancholischen Poesie und verwunschenen Morbidezza hat Markus Schm\u00f6lz \u00fcber Jahre hinweg fotografiert und daraus den wundersch\u00f6nen Bildband HOTEL ROOMS zusammengestellt.&#8220; (Applaus)<\/p>\n","protected":false},"excerpt":{"rendered":"<p><span style=\"font-family: Arial, Helvetica, sans-serif;\">Fotografien von Markus Schm\u00f6lz, Texte von Phoebe M\u00fcller, Arwed Vogel, Piermario Boldoni, Otakar Lachman und Sissa M.<br \/>\n21 x 21 cm, 128 S., zahlreiche Abbildungen, Farbe + s\/w, ISBN 3-930677-06-7<\/span><\/p>\n","protected":false},"featured_media":150,"template":"","meta":[],"product_cat":[23],"product_tag":[],"_links":{"self":[{"href":"https:\/\/shop.bizarrverlag.com\/index.php?rest_route=\/wp\/v2\/product\/382"}],"collection":[{"href":"https:\/\/shop.bizarrverlag.com\/index.php?rest_route=\/wp\/v2\/product"}],"about":[{"href":"https:\/\/shop.bizarrverlag.com\/index.php?rest_route=\/wp\/v2\/types\/product"}],"wp:featuredmedia":[{"embeddable":true,"href":"https:\/\/shop.bizarrverlag.com\/index.php?rest_route=\/wp\/v2\/media\/150"}],"wp:attachment":[{"href":"https:\/\/shop.bizarrverlag.com\/index.php?rest_route=%2Fwp%2Fv2%2Fmedia&parent=382"}],"wp:term":[{"taxonomy":"product_cat","embeddable":true,"href":"https:\/\/shop.bizarrverlag.com\/index.php?rest_route=%2Fwp%2Fv2%2Fproduct_cat&post=382"},{"taxonomy":"product_tag","embeddable":true,"href":"https:\/\/shop.bizarrverlag.com\/index.php?rest_route=%2Fwp%2Fv2%2Fproduct_tag&post=382"}],"curies":[{"name":"wp","href":"https:\/\/api.w.org\/{rel}","templated":true}]}}