{"id":2408,"date":"2021-07-15T16:29:20","date_gmt":"2021-07-15T14:29:20","guid":{"rendered":"http:\/\/wordpress.p499382.webspaceconfig.de\/?post_type=product&#038;p=2408"},"modified":"2023-08-08T17:23:16","modified_gmt":"2023-08-08T15:23:16","slug":"berlin-wall-postcard","status":"publish","type":"product","link":"https:\/\/shop.bizarrverlag.com\/?product=berlin-wall-postcard","title":{"rendered":"Berlin Wall Postcard"},"content":{"rendered":"<p><span style=\"font-family: Arial, Helvetica, sans-serif;\">Fotopostkarte mit Originalst\u00fcck der Berliner Mauer, in Plastik eingeschwi\u00dft. R\u00fcckseite mit in Berlin gestempelter Briefmarke<\/span>.<\/p>\n","protected":false},"excerpt":{"rendered":"<table style=\"height: 5px;\" border=\"0\" width=\"1780\" cellspacing=\"0\" cellpadding=\"5\" align=\"center\">\n<tbody>\n<tr>\n<td align=\"center\" valign=\"top\" bgcolor=\"#FFFFFF\" height=\"50\">Als 1989 die Berliner Mauer fiel, haben wir dort St\u00fccke aus der Mauer rausgeschlagen und diese 1990 zu Postkarten verarbeitet. Die Karten waren rasch ausverkauft, und wir mu\u00dften Kunden entt\u00e4uschen und viele Anfragen ablehnen. Das ganze war schlie\u00dflich als einmalige Aktion geplant. Als wir allerdings j\u00fcngst unseren Keller aufger\u00e4umt haben, kommt tats\u00e4chlich eine halbe Schachtel dieser Karten, heute l\u00e4ngst ein begehrtes Sanmlerst\u00fcck, zum Vorschein.<\/td>\n<td align=\"center\" valign=\"top\" bgcolor=\"#FFFFFF\" height=\"50\">\n<div align=\"left\"><span style=\"font-family: Arial, Helvetica, sans-serif;\">\u00a0<\/span><\/div>\n<\/td>\n<\/tr>\n<\/tbody>\n<\/table>\n","protected":false},"featured_media":2409,"template":"","meta":[],"product_cat":[148],"product_tag":[],"_links":{"self":[{"href":"https:\/\/shop.bizarrverlag.com\/index.php?rest_route=\/wp\/v2\/product\/2408"}],"collection":[{"href":"https:\/\/shop.bizarrverlag.com\/index.php?rest_route=\/wp\/v2\/product"}],"about":[{"href":"https:\/\/shop.bizarrverlag.com\/index.php?rest_route=\/wp\/v2\/types\/product"}],"wp:featuredmedia":[{"embeddable":true,"href":"https:\/\/shop.bizarrverlag.com\/index.php?rest_route=\/wp\/v2\/media\/2409"}],"wp:attachment":[{"href":"https:\/\/shop.bizarrverlag.com\/index.php?rest_route=%2Fwp%2Fv2%2Fmedia&parent=2408"}],"wp:term":[{"taxonomy":"product_cat","embeddable":true,"href":"https:\/\/shop.bizarrverlag.com\/index.php?rest_route=%2Fwp%2Fv2%2Fproduct_cat&post=2408"},{"taxonomy":"product_tag","embeddable":true,"href":"https:\/\/shop.bizarrverlag.com\/index.php?rest_route=%2Fwp%2Fv2%2Fproduct_tag&post=2408"}],"curies":[{"name":"wp","href":"https:\/\/api.w.org\/{rel}","templated":true}]}}