{"id":2316,"date":"2021-07-07T14:11:25","date_gmt":"2021-07-07T12:11:25","guid":{"rendered":"http:\/\/wordpress.p499382.webspaceconfig.de\/?post_type=product&#038;p=2316"},"modified":"2021-09-14T12:02:41","modified_gmt":"2021-09-14T10:02:41","slug":"tragetasche-3073","status":"publish","type":"product","link":"https:\/\/shop.bizarrverlag.com\/?product=tragetasche-3073","title":{"rendered":"Tragetasche 3073"},"content":{"rendered":"","protected":false},"excerpt":{"rendered":"<p>Wei\u00dfe Baumwolltragetaschen Gr\u00f6\u00dfe: ca. 38 x 42 cm, Henkell\u00e4nge ca. 70 cm.<\/p>\n","protected":false},"featured_media":2314,"template":"","meta":[],"product_cat":[57],"product_tag":[],"_links":{"self":[{"href":"https:\/\/shop.bizarrverlag.com\/index.php?rest_route=\/wp\/v2\/product\/2316"}],"collection":[{"href":"https:\/\/shop.bizarrverlag.com\/index.php?rest_route=\/wp\/v2\/product"}],"about":[{"href":"https:\/\/shop.bizarrverlag.com\/index.php?rest_route=\/wp\/v2\/types\/product"}],"wp:featuredmedia":[{"embeddable":true,"href":"https:\/\/shop.bizarrverlag.com\/index.php?rest_route=\/wp\/v2\/media\/2314"}],"wp:attachment":[{"href":"https:\/\/shop.bizarrverlag.com\/index.php?rest_route=%2Fwp%2Fv2%2Fmedia&parent=2316"}],"wp:term":[{"taxonomy":"product_cat","embeddable":true,"href":"https:\/\/shop.bizarrverlag.com\/index.php?rest_route=%2Fwp%2Fv2%2Fproduct_cat&post=2316"},{"taxonomy":"product_tag","embeddable":true,"href":"https:\/\/shop.bizarrverlag.com\/index.php?rest_route=%2Fwp%2Fv2%2Fproduct_tag&post=2316"}],"curies":[{"name":"wp","href":"https:\/\/api.w.org\/{rel}","templated":true}]}}