{"id":2209,"date":"2021-06-11T14:19:57","date_gmt":"2021-06-11T12:19:57","guid":{"rendered":"http:\/\/wordpress.p499382.webspaceconfig.de\/?post_type=product&#038;p=2209"},"modified":"2025-06-08T16:15:04","modified_gmt":"2025-06-08T14:15:04","slug":"buch-ruhundu","status":"publish","type":"product","link":"https:\/\/shop.bizarrverlag.com\/?product=buch-ruhundu","title":{"rendered":"(Buch) Ruhundu"},"content":{"rendered":"<p>Liebevoll gestalteter Erz\u00e4hl- und Bildband, in dem die Geschichte einer f\u00fcnft\u00e4tigen Reise durch das sagenumwobene s\u00fcdasiatische K\u00f6nigreich Ruhundu erz\u00e4hlt wird, auf der ein Mann einen Elefanten sucht, der sich von ihm streicheln l\u00e4\u00dft und dabei zahlreiche Mythen aus dem reichen Legendenschatz Ruhundus durchlebt. Er entdeckt, dass Realtit\u00e4t nicht eine einzelne homogene Schicht ist, sondern aus vielen teilweise in Widerspruch zueinander stehenden Fasern und Ebenen besteht. Beiliegend eine Audio CD mit Originalger\u00e4uschen aus Ruhundu<br \/>\n&#8222;Elefanten, Mondsteine, skurrile Gestalten, ein seltsamer Professor und mystische G\u00f6tterbilder &#8211; Ruhundu ist ein schr\u00e4ges Pop-M\u00e4rchen f\u00fcr Erwachsene, das auf jeder Seite die Magie Sri Lankas atmet. Ein Buch, das die Sehnsucht nach den Tropen weckt!&#8220; (J\u00fcrgen Sander, Chefredakteur B\u00fcchergilde Magazin, Frankfurt)<\/p>\n","protected":false},"excerpt":{"rendered":"<p>86 Seiten, 52 Abbildungen, 20 x 13 cm, Hardcover, zweisprachig (dt\/eng), mit Audio CD; ISBN 9783-930677-22-1<\/p>\n","protected":false},"featured_media":2210,"template":"","meta":[],"product_cat":[23],"product_tag":[],"_links":{"self":[{"href":"https:\/\/shop.bizarrverlag.com\/index.php?rest_route=\/wp\/v2\/product\/2209"}],"collection":[{"href":"https:\/\/shop.bizarrverlag.com\/index.php?rest_route=\/wp\/v2\/product"}],"about":[{"href":"https:\/\/shop.bizarrverlag.com\/index.php?rest_route=\/wp\/v2\/types\/product"}],"wp:featuredmedia":[{"embeddable":true,"href":"https:\/\/shop.bizarrverlag.com\/index.php?rest_route=\/wp\/v2\/media\/2210"}],"wp:attachment":[{"href":"https:\/\/shop.bizarrverlag.com\/index.php?rest_route=%2Fwp%2Fv2%2Fmedia&parent=2209"}],"wp:term":[{"taxonomy":"product_cat","embeddable":true,"href":"https:\/\/shop.bizarrverlag.com\/index.php?rest_route=%2Fwp%2Fv2%2Fproduct_cat&post=2209"},{"taxonomy":"product_tag","embeddable":true,"href":"https:\/\/shop.bizarrverlag.com\/index.php?rest_route=%2Fwp%2Fv2%2Fproduct_tag&post=2209"}],"curies":[{"name":"wp","href":"https:\/\/api.w.org\/{rel}","templated":true}]}}