{"id":2206,"date":"2021-06-11T14:07:28","date_gmt":"2021-06-11T12:07:28","guid":{"rendered":"http:\/\/wordpress.p499382.webspaceconfig.de\/?post_type=product&#038;p=2206"},"modified":"2025-06-08T15:37:43","modified_gmt":"2025-06-08T13:37:43","slug":"bildband-new-york-everything-reminds-me-of-something","status":"publish","type":"product","link":"https:\/\/shop.bizarrverlag.com\/?product=bildband-new-york-everything-reminds-me-of-something","title":{"rendered":"(Bildband) New York &#8211; everything reminds me of something"},"content":{"rendered":"<p><span style=\"font-family: Arial, Helvetica, sans-serif;\">Dieser Fotoband bewegt sich im visuellen Grenzgebiet von Architektur, Urbanismus und Street Art und ist zugleich eine Dokumentation des Verschwindens und Sich-t\u00e4glich-neu-Erfindens einer Metropole. Die Bilder zu diesem Buch entstanden in den letzten zwanzig Jahren w\u00e4hrend endloser Spazierg\u00e4nge in New York. Bei diesen nomadischen Streifz\u00fcgen durch die vielen unterschiedlichen St\u00e4dte innerhalb der Stadt dienten kleine freundliche Kameras als Notizbuch. So entstand ein komplexes Puzzle aus Assoziationen und Bildern, nicht nur von kulturell definierten und teilweise bekannt erscheinenden R\u00e4umen, sondern ganz besonders von Brachland, Zwischen- und Randzonen.<\/span><br \/>\n\u201cA beautiful song in photographs to a beloved city through wide open eyes that have seen the world and understand how great and small we all are.\u201d Margarita Shalina, Publishers Weekly, New York.<\/p>\n","protected":false},"excerpt":{"rendered":"<p><span style=\"font-family: Arial, Helvetica, sans-serif;\">350 Farbfotografien von Sissa Marquardt und Markus Schm\u00f6lz, mit einem englischsprachigen Essay von Arthur Nersesian, 204 Seiten, 21 x 14,8 cm, gef\u00fcttertes Hardcover, ISBN 9783-930677-20-7<\/span><\/p>\n","protected":false},"featured_media":2207,"template":"","meta":[],"product_cat":[23],"product_tag":[],"_links":{"self":[{"href":"https:\/\/shop.bizarrverlag.com\/index.php?rest_route=\/wp\/v2\/product\/2206"}],"collection":[{"href":"https:\/\/shop.bizarrverlag.com\/index.php?rest_route=\/wp\/v2\/product"}],"about":[{"href":"https:\/\/shop.bizarrverlag.com\/index.php?rest_route=\/wp\/v2\/types\/product"}],"wp:featuredmedia":[{"embeddable":true,"href":"https:\/\/shop.bizarrverlag.com\/index.php?rest_route=\/wp\/v2\/media\/2207"}],"wp:attachment":[{"href":"https:\/\/shop.bizarrverlag.com\/index.php?rest_route=%2Fwp%2Fv2%2Fmedia&parent=2206"}],"wp:term":[{"taxonomy":"product_cat","embeddable":true,"href":"https:\/\/shop.bizarrverlag.com\/index.php?rest_route=%2Fwp%2Fv2%2Fproduct_cat&post=2206"},{"taxonomy":"product_tag","embeddable":true,"href":"https:\/\/shop.bizarrverlag.com\/index.php?rest_route=%2Fwp%2Fv2%2Fproduct_tag&post=2206"}],"curies":[{"name":"wp","href":"https:\/\/api.w.org\/{rel}","templated":true}]}}