{"id":2061,"date":"2021-05-19T17:08:46","date_gmt":"2021-05-19T15:08:46","guid":{"rendered":"http:\/\/wordpress.p499382.webspaceconfig.de\/?post_type=product&#038;p=2061"},"modified":"2023-04-29T13:36:27","modified_gmt":"2023-04-29T11:36:27","slug":"kuvert-u59","status":"publish","type":"product","link":"https:\/\/shop.bizarrverlag.com\/?product=kuvert-u59","title":{"rendered":"2 Kuverts U59"},"content":{"rendered":"<p>Kuvert Gr\u00f6\u00dfe C6 (16,2 x 11,4 cm), haftklebend, verpackt zu je 2 St\u00fcck in Cellophanbeuetel<\/p>\n","protected":false},"excerpt":{"rendered":"<p>Kuvert Gr\u00f6\u00dfe C6 (16,2 x 11,4 cm), haftklebend, verpackt zu je 2 St\u00fcck in Cellophanbeuetel<\/p>\n","protected":false},"featured_media":2002,"template":"","meta":[],"product_cat":[51],"product_tag":[],"_links":{"self":[{"href":"https:\/\/shop.bizarrverlag.com\/index.php?rest_route=\/wp\/v2\/product\/2061"}],"collection":[{"href":"https:\/\/shop.bizarrverlag.com\/index.php?rest_route=\/wp\/v2\/product"}],"about":[{"href":"https:\/\/shop.bizarrverlag.com\/index.php?rest_route=\/wp\/v2\/types\/product"}],"wp:featuredmedia":[{"embeddable":true,"href":"https:\/\/shop.bizarrverlag.com\/index.php?rest_route=\/wp\/v2\/media\/2002"}],"wp:attachment":[{"href":"https:\/\/shop.bizarrverlag.com\/index.php?rest_route=%2Fwp%2Fv2%2Fmedia&parent=2061"}],"wp:term":[{"taxonomy":"product_cat","embeddable":true,"href":"https:\/\/shop.bizarrverlag.com\/index.php?rest_route=%2Fwp%2Fv2%2Fproduct_cat&post=2061"},{"taxonomy":"product_tag","embeddable":true,"href":"https:\/\/shop.bizarrverlag.com\/index.php?rest_route=%2Fwp%2Fv2%2Fproduct_tag&post=2061"}],"curies":[{"name":"wp","href":"https:\/\/api.w.org\/{rel}","templated":true}]}}