{"id":2026,"date":"2021-05-16T16:56:06","date_gmt":"2021-05-16T14:56:06","guid":{"rendered":"http:\/\/wordpress.p499382.webspaceconfig.de\/?post_type=product&#038;p=2026"},"modified":"2023-04-29T14:04:19","modified_gmt":"2023-04-29T12:04:19","slug":"kuvert-u36","status":"publish","type":"product","link":"https:\/\/shop.bizarrverlag.com\/?product=kuvert-u36","title":{"rendered":"2 Kuverts U36"},"content":{"rendered":"<p>Kuvert Gr\u00f6\u00dfe C6 (16,2 x 11,4 cm), haftklebend, verpackt zu je 2 St\u00fcck in Cellophanbeuetel<\/p>\n","protected":false},"excerpt":{"rendered":"<p>Kuvert Gr\u00f6\u00dfe C6 (16,2 x 11,4 cm), haftklebend, verpackt zu je 2 St\u00fcck in Cellophanbeuetel<\/p>\n","protected":false},"featured_media":2240,"template":"","meta":[],"product_cat":[51],"product_tag":[],"_links":{"self":[{"href":"https:\/\/shop.bizarrverlag.com\/index.php?rest_route=\/wp\/v2\/product\/2026"}],"collection":[{"href":"https:\/\/shop.bizarrverlag.com\/index.php?rest_route=\/wp\/v2\/product"}],"about":[{"href":"https:\/\/shop.bizarrverlag.com\/index.php?rest_route=\/wp\/v2\/types\/product"}],"wp:featuredmedia":[{"embeddable":true,"href":"https:\/\/shop.bizarrverlag.com\/index.php?rest_route=\/wp\/v2\/media\/2240"}],"wp:attachment":[{"href":"https:\/\/shop.bizarrverlag.com\/index.php?rest_route=%2Fwp%2Fv2%2Fmedia&parent=2026"}],"wp:term":[{"taxonomy":"product_cat","embeddable":true,"href":"https:\/\/shop.bizarrverlag.com\/index.php?rest_route=%2Fwp%2Fv2%2Fproduct_cat&post=2026"},{"taxonomy":"product_tag","embeddable":true,"href":"https:\/\/shop.bizarrverlag.com\/index.php?rest_route=%2Fwp%2Fv2%2Fproduct_tag&post=2026"}],"curies":[{"name":"wp","href":"https:\/\/api.w.org\/{rel}","templated":true}]}}