{"id":1456,"date":"2021-03-19T18:18:01","date_gmt":"2021-03-19T17:18:01","guid":{"rendered":"http:\/\/wordpress.p499382.webspaceconfig.de\/?post_type=product&#038;p=1456"},"modified":"2026-04-21T14:31:02","modified_gmt":"2026-04-21T12:31:02","slug":"u52","status":"publish","type":"product","link":"https:\/\/shop.bizarrverlag.com\/?product=u52","title":{"rendered":"2 Kuverts U52"},"content":{"rendered":"<p>Kuvert Gr\u00f6\u00dfe C6 (16,2 x 11,4 cm), haftklebend, verpackt zu je 2 St\u00fcck in Cellophanbeuetel<\/p>\n","protected":false},"excerpt":{"rendered":"<p>Kuvert Gr\u00f6\u00dfe C6 (16,2 x 11,4 cm), haftklebend, verpackt zu je 2 St\u00fcck in Cellophanbeuetel<\/p>\n","protected":false},"featured_media":1079,"template":"","meta":[],"product_cat":[51],"product_tag":[],"_links":{"self":[{"href":"https:\/\/shop.bizarrverlag.com\/index.php?rest_route=\/wp\/v2\/product\/1456"}],"collection":[{"href":"https:\/\/shop.bizarrverlag.com\/index.php?rest_route=\/wp\/v2\/product"}],"about":[{"href":"https:\/\/shop.bizarrverlag.com\/index.php?rest_route=\/wp\/v2\/types\/product"}],"wp:featuredmedia":[{"embeddable":true,"href":"https:\/\/shop.bizarrverlag.com\/index.php?rest_route=\/wp\/v2\/media\/1079"}],"wp:attachment":[{"href":"https:\/\/shop.bizarrverlag.com\/index.php?rest_route=%2Fwp%2Fv2%2Fmedia&parent=1456"}],"wp:term":[{"taxonomy":"product_cat","embeddable":true,"href":"https:\/\/shop.bizarrverlag.com\/index.php?rest_route=%2Fwp%2Fv2%2Fproduct_cat&post=1456"},{"taxonomy":"product_tag","embeddable":true,"href":"https:\/\/shop.bizarrverlag.com\/index.php?rest_route=%2Fwp%2Fv2%2Fproduct_tag&post=1456"}],"curies":[{"name":"wp","href":"https:\/\/api.w.org\/{rel}","templated":true}]}}