{"id":662,"date":"2021-02-17T13:34:36","date_gmt":"2021-02-17T12:34:36","guid":{"rendered":"http:\/\/wordpress.p499382.webspaceconfig.de\/?page_id=662"},"modified":"2024-10-16T16:49:44","modified_gmt":"2024-10-16T14:49:44","slug":"about-ueber-uns","status":"publish","type":"page","link":"https:\/\/shop.bizarrverlag.com\/?page_id=662","title":{"rendered":"About \/ \u00dcber uns"},"content":{"rendered":"\n<p>BIZARR pr\u00e4sentiert seit vielen Jahren Postkarten, die sich durch ungew\u00f6hnliches Design, innovatives Material und Qualit\u00e4t jenseits vom Mainstream auszeichnen. Viel Spa\u00df beim Surfen durch unser Angebot!<\/p>\n\n\n\n<hr class=\"wp-block-separator has-alpha-channel-opacity\"\/>\n\n\n\n<p>Seit 1983 publiziert Bizarr Kunst im Postkarten-Format und ist international bekannt f\u00fcr innovative Materialien, ungew\u00f6hnliches Design und Qualit\u00e4t jenseits des Massengeschmacks. Zusammenarbeit mit z.B. Neurotitan, Berlin, Centre Pompidou, Paris, Saatchie Gallery, London, MoMa PS1, NYC, Gallery 128, NYC.<br><br>Neben eigenen Arbeiten stehen Fotografen und Illustratoren im Fokus, die sich in allen modernen Spielarten von Pop-Art bewegen, etablierte K\u00fcnstler wie auch Kreative, die nur Insidern bekannt oder unsere eigenen neuen Entdeckungen sind.<br><a rel=\"noreferrer noopener\" href=\"http:\/\/wordpress.p499382.webspaceconfig.de\/?page_id=606\" data-type=\"URL\" data-id=\"http:\/\/wordpress.p499382.webspaceconfig.de\/?page_id=606\" target=\"_blank\">Eine Liste aller K\u00fc<\/a><a rel=\"noreferrer noopener\" href=\"https:\/\/shop.bizarrverlag.com\/?page_id=606\" data-type=\"page\" data-id=\"606\" target=\"_blank\">nstler, mit denen BIZARR zusammengearbeitet hat, finden Sie hier.<\/a><br><br>Unsere Spezialgebiete sind alle Arten von Objektkarten: Hier finden Sie langj\u00e4hrige Klassiker: interaktive kinetische Drehkarten, Holzkarten, Pl\u00fcschkarten, Fl\u00fcssigkarten und Laserfolienkarten.<br><br>Erg\u00e4nzt wird dieses Angebot durch stilvolle Papeterien: Briefumschl\u00e4ge, Grusskarten, Geschenkpapier, Notizb\u00fccher, und andere Designartikel wie Fr\u00fchst\u00fccksbrettchen oder K\u00fchlschrankmagneten.<\/p>\n","protected":false},"excerpt":{"rendered":"<p>BIZARR pr\u00e4sentiert seit vielen Jahren Postkarten, die sich durch ungew\u00f6hnliches Design, innovatives Material und Qualit\u00e4t jenseits vom Mainstream auszeichnen. Viel Spa\u00df beim Surfen durch unser Angebot! Seit 1983 publiziert Bizarr Kunst im Postkarten-Format und ist international bekannt f\u00fcr innovative Materialien, ungew\u00f6hnliches Design und Qualit\u00e4t jenseits des Massengeschmacks. Zusammenarbeit mit z.B. Neurotitan, Berlin, Centre Pompidou, Paris, [&hellip;]<\/p>\n","protected":false},"author":4,"featured_media":0,"parent":0,"menu_order":0,"comment_status":"closed","ping_status":"closed","template":"","meta":[],"_links":{"self":[{"href":"https:\/\/shop.bizarrverlag.com\/index.php?rest_route=\/wp\/v2\/pages\/662"}],"collection":[{"href":"https:\/\/shop.bizarrverlag.com\/index.php?rest_route=\/wp\/v2\/pages"}],"about":[{"href":"https:\/\/shop.bizarrverlag.com\/index.php?rest_route=\/wp\/v2\/types\/page"}],"author":[{"embeddable":true,"href":"https:\/\/shop.bizarrverlag.com\/index.php?rest_route=\/wp\/v2\/users\/4"}],"replies":[{"embeddable":true,"href":"https:\/\/shop.bizarrverlag.com\/index.php?rest_route=%2Fwp%2Fv2%2Fcomments&post=662"}],"version-history":[{"count":8,"href":"https:\/\/shop.bizarrverlag.com\/index.php?rest_route=\/wp\/v2\/pages\/662\/revisions"}],"predecessor-version":[{"id":6291,"href":"https:\/\/shop.bizarrverlag.com\/index.php?rest_route=\/wp\/v2\/pages\/662\/revisions\/6291"}],"wp:attachment":[{"href":"https:\/\/shop.bizarrverlag.com\/index.php?rest_route=%2Fwp%2Fv2%2Fmedia&parent=662"}],"curies":[{"name":"wp","href":"https:\/\/api.w.org\/{rel}","templated":true}]}}