{"id":606,"date":"2021-02-16T14:20:33","date_gmt":"2021-02-16T13:20:33","guid":{"rendered":"http:\/\/wordpress.p499382.webspaceconfig.de\/?page_id=606"},"modified":"2024-11-26T17:43:08","modified_gmt":"2024-11-26T16:43:08","slug":"kuenstler-artists","status":"publish","type":"page","link":"https:\/\/shop.bizarrverlag.com\/?page_id=606","title":{"rendered":"K\u00dcNSTLER"},"content":{"rendered":"\n<figure class=\"wp-block-table\"><table><tbody><tr><td>K\u00fcnstler, mit denen wir seit 1983 zusammengearbeitet haben.<\/td><\/tr><tr><td><\/td><\/tr><\/tbody><\/table><\/figure>\n\n\n\n<figure class=\"wp-block-table\"><table><tbody><tr><td>4000<br>Christoph Abrederis<br>Tiana Alexis<br>Carl Andersen<br>Max Andersson<br>Kenneth Anger<br>Antilopenflattern<br>Sybille Areco<br>Uwe Arens<br>Art in Ruins<br>Jim Avignon<br>Babeth<br>Bafefit<br>Joachim Baldauf<br>Fred Balhuizen<br>Hans Baltzer<br>Michal Baruch<br>Fehmi Baumbach<br>Kellie Becker<br>Peter Becker<br>Ilka Berhoff<br>Alva Bernadine<br>Hans Betzler<br>Gunter Bieringer<br>Ralf Binder<br>Stephane Blanquet<br>Ines Blersch<br>G\u00fcnther Blum<br>Claudia B\u00f6hm<br>C. Bokmeier<br>Mariola Brillowska<br>Ken Brown<br>Lisa Brown<br>Roland Br\u00fcckner<br>Brunft<br>Maximilian Brunner<br>Nadia Budde<br>Sunny Buick<br>Kevin Burke<br>Piermario Cani<br>Monty Cantsin<br>Mike Cavallaro<br>Cikitaz<br>Clara-Tanit<br>Dea Cleaver<br>Clickproject<br>ClydeHenry<br>Tim Coleman<br>Lynn Coleman<br>Tom Combo<br>Renato Corsini<br>Erin Cosgrove<br>John Cotrona<br>Pierre Courcelles<br>Ciro Cozzolino<br>Nicolas Cyril<br>Wendelien Daan<br>Johan Daenen<br>DAG<br>Eva Dahme<br>Kenneth Davison<br>Dead Chickens<br>Abby Denson<br>Der Plan<br>Volker Derlath<br>Eric Desideriu<br>Georg Diaz<br>J<br>Klaus Dill<br>DJ Aroma<br>H. Dobbs<br>Franz Dobler<br>DomB<br>Julie Doucet<br>Matthias Drawe<br>Judith Drews<br>Eric Drooker<br>Allison Edge<br>Peter Engl<br>Jojo Ensslin<br>H. Enzwieser<br>Etant Donnes<br>Tim Etchells<br>evelin<br>Frank Eydner<br>Hanka Falschheit<br>Francesca Ferri<br>Anke Feuchtenberger<br>Nat Finkelstein<br>Fly<br>Bethany de Forest<br>Kajetan Forstner<br>Denise Fort<br>Daniel Frasney<br>Jason Freeny<br>Anja Frers<br>Andrea Friedrich<br>Johannes F\u00fchrer<br>Futro<br>Charles Gatewood<br>Christoph Geissel<br>Massimo Giacon<br>Piermario Giani<br>Scott Gillis<br>Ingo Glass<br>Holger Gruss<br>Julia Guther<br>Steffen Haas<br>Karen Halewood<br>Gunter Hansen<br>Sandra Haselsteiner<br>Edith Held<br>Kirsten Henshen<br>Tallo Herhaus<br>Jesper Heynes<br>Martina Hofmann<br>Wolfgang Hogekamp<br>Josien Hogeweg<br>D. Holland-Moritz<br>Martin Holtkamp<br>Kerstin Holzwarth<br>Boris Hoppek<br>Hans Horn<br>Bernhard Huber<br>husmann\/tsch\u00e4ni<br>C.X. Huth<br>Indigo<br>Interglotz<br>Isako<br>Corstiaan Jansen<br>Michelle Janssen<br>Don John<br>Cole Johnson<br>Colin Johnson<br>G.B. Jones<br>Juju&#8217;s Delivery<br>Jule K.<br>Wolfgang J\u00fcnemann<br>Hugo Kaagman<br>Kain Karawahn<br>K\u00e4the Be<br>Jacques Katmor<br>Claudia Katzpalme<br>KAZ<br>Ali Kepenek<br>Julia Kessler<br>Martin Keune<br>Maho Kino<br>Irwing Klaw<br>Paula Klaw<br>Aljoscha Klimov<br>Roman Klonek<br>Heiner Koch<br>Branka Kokol<br>Nik Konietzny<br>Manuela Korinth<br>Jennifer Kornder<br>Galya Kovalyova<br>Heinz Krimmer<br>Jule Kruschke<br>Angelika Kulessa<br>Peter Kuper<br>Alexandre Lafleur<br>Dirk Lakomy<br>Lothar Lambert<br>Andreas Lang<br>John Lavertu<br>Naomi Lawrence<br>Patricia Lechat<br>Ernesto Levy<br>Iwona Liegmann<br>Ronald Linger<br>Bernd L\u00f6hr<br>Louis Loo<br>Costa Lorenzon<br>Pit Ludwig<br>Lydia Lunch<br>Loretta Lux<br>Erich Maas<br>Roman Maeder<br>Mania D<br>Michael Mararian<br>Josef Maria<br>Sissa Marquardt<br>Eleanor Marston<br>Anna McCarthy<br>Ray McNiece<br>Thomas Meissner<br>Kat Menschik<br>Molto Menz<br>Andreas Merz<br>Michel Meyer<br>Peter Missing<br>Kazuko Miyamoto<br>Jonas Mohr<br>Moki<br>H. Moldt<br>Christian Moser<br>Phoebe Mueller<br>Eva Mueller<br>Max M\u00fcller<br>Johannes Muggenthaler<br>Mymo<br>Rosa Navarro<br>Neam Cathod<br>Arthur Nersesian<br>F. Neuwirth<br>Norika Nienstedt<br>Anatol Nitschke<br>Mitch O&#8217;Connell<br>Hiroki Osuka<br>Outsonic<br>Pastamasta<br>Brigitte Patzner<br>Pedako<br>Stephanie Pelz<br>Petra Perle<br>Henrik Peschel<br>Julia Peters<br>Bart Julius Peters<br>Lisa Petrucci<br>G. Pfeiffer<br>Angie Pieckman<br>Pierre et Gilles<br>Pirolino<br>Robert Pitman<br>Nicolas Plakidas<br>Peter Pontiac<br>Biggy Pop<br>Elizabeth Prager<br>Puchala<br>Colin Raft<br>Sara Raschke<br>Pit Rauscher<br>Patrick Regout<br>Moritz Reichelt<br>Doreen Richter<br>Ingo Riedl<br>Jan Riephoff<br>Annelies Rigter<br>Andre Rival<br>Martine Roch<br>Henry Rollins<br>Sonia Romero\/Zoveck<br>Christine Rosendal<br>Chionia Rothkegel<br>Jens Rotzsche<br>Maggie Rudy<br>Sascha Rupp<br>Peter Sabelis<br>Joe Sacco<br>Ken Sakamoto<br>Hans Saller<br>Gernot Schander<br>Hias Schaschko<br>Letizia Schettini<br>Irma Schick<br>Henk Schiffmacher<br>O. Schmidt<br>AW Schmitt<br>Martin Schmitz<br>Markus Schm\u00f6lz<br>M. Schnetzer<br>Hubert Sch\u00f6ke<br>Peter Schulz<br>Olaf Schulz<br>Uli M. Sch\u00fcppel<br>Ingrid Sch\u00fctz<br>Matt Sewell<br>Shag<br>Jonathan Shaw<br>Dave Shore<br>Vladimir Slavik<br>Pepe Smit<br>Roel Smit<br>Fiona Smyth<br>Martina Spaett<br>Aurlie Sparrow<br>Werner Stangassinger<br>Marzia Stefanelli<br>Leon Stewart<br>Enrico Sturani<br>Neil Swaab<br>Joost Swarte<br>Kato Tan<br>Thomas Tannenberg<br>TeEr<br>Marc Tessier<br>Lysanne Thibodeau<br>Peter Thilemann<br>Jennifer Thompson<br>Maria Tokyo<br>Roberto Molina Tondop\u00f3<br>True Falsies<br>Timm Ulrichs<br>Ulrikegestalten<br>Joke van den Berg<br>Jan van der Horn<br>Dennis van Doorn<br>Ben van Duin<br>Jetty Verhoef<br>Arwed Vogel<br>Barbara Volkmer<br>Sabina Maria von der Linden<br>Steve Wada<br>David Wagner<br>Graeme Walker<br>James D. Watts<br>Bernd Weber<br>Volker Weinhold<br>Holger Winkler<br>Eckehard Winkler<br>Knud Wollenberger<br>R. Wouters<br>Chris Wroblewsky<br>JWP Zandvliet<br>Judith Zaugg<br>Harald Sack Ziegler<br>Zoveck Estudio<\/td><\/tr><tr><td><a href=\"https:\/\/www.bizarrverlag.com\/shop_individual\/ws_frames_start.html\"><\/a><\/td><\/tr><\/tbody><\/table><\/figure>\n","protected":false},"excerpt":{"rendered":"<p>K\u00fcnstler, mit denen wir seit 1983 zusammengearbeitet haben. 4000Christoph AbrederisTiana AlexisCarl AndersenMax AnderssonKenneth AngerAntilopenflatternSybille ArecoUwe ArensArt in RuinsJim AvignonBabethBafefitJoachim BaldaufFred BalhuizenHans BaltzerMichal BaruchFehmi BaumbachKellie BeckerPeter BeckerIlka BerhoffAlva BernadineHans BetzlerGunter BieringerRalf BinderStephane BlanquetInes BlerschG\u00fcnther BlumClaudia B\u00f6hmC. BokmeierMariola BrillowskaKen BrownLisa BrownRoland Br\u00fccknerBrunftMaximilian BrunnerNadia BuddeSunny BuickKevin BurkePiermario CaniMonty CantsinMike CavallaroCikitazClara-TanitDea CleaverClickprojectClydeHenryTim ColemanLynn ColemanTom ComboRenato CorsiniErin CosgroveJohn CotronaPierre CourcellesCiro [&hellip;]<\/p>\n","protected":false},"author":4,"featured_media":0,"parent":0,"menu_order":0,"comment_status":"closed","ping_status":"closed","template":"","meta":[],"_links":{"self":[{"href":"https:\/\/shop.bizarrverlag.com\/index.php?rest_route=\/wp\/v2\/pages\/606"}],"collection":[{"href":"https:\/\/shop.bizarrverlag.com\/index.php?rest_route=\/wp\/v2\/pages"}],"about":[{"href":"https:\/\/shop.bizarrverlag.com\/index.php?rest_route=\/wp\/v2\/types\/page"}],"author":[{"embeddable":true,"href":"https:\/\/shop.bizarrverlag.com\/index.php?rest_route=\/wp\/v2\/users\/4"}],"replies":[{"embeddable":true,"href":"https:\/\/shop.bizarrverlag.com\/index.php?rest_route=%2Fwp%2Fv2%2Fcomments&post=606"}],"version-history":[{"count":6,"href":"https:\/\/shop.bizarrverlag.com\/index.php?rest_route=\/wp\/v2\/pages\/606\/revisions"}],"predecessor-version":[{"id":6410,"href":"https:\/\/shop.bizarrverlag.com\/index.php?rest_route=\/wp\/v2\/pages\/606\/revisions\/6410"}],"wp:attachment":[{"href":"https:\/\/shop.bizarrverlag.com\/index.php?rest_route=%2Fwp%2Fv2%2Fmedia&parent=606"}],"curies":[{"name":"wp","href":"https:\/\/api.w.org\/{rel}","templated":true}]}}