{"id":2302,"date":"2021-07-03T22:10:10","date_gmt":"2021-07-03T20:10:10","guid":{"rendered":"http:\/\/wordpress.p499382.webspaceconfig.de\/?page_id=2302"},"modified":"2021-07-03T22:13:19","modified_gmt":"2021-07-03T20:13:19","slug":"impressum","status":"publish","type":"page","link":"https:\/\/shop.bizarrverlag.com\/?page_id=2302","title":{"rendered":"IMPRESSUM"},"content":{"rendered":"\n<p>BIZARR VERLAG OHG<br>Untere Weidenstr. 26<br>81543 M\u00fcnchen<\/p>\n\n\n\n<p>T +49 89 263 929<br>mail[a]bizarrverlag.com<\/p>\n\n\n\n<p>Vertretungsberechtige Gesellschafter:<br>Markus Schm\u00f6lz, Sissa Marquardt<\/p>\n\n\n\n<p>Handelsregistereintrag: Handelsregister M\u00fcnchen<br>Registernummer: HRA 73752<\/p>\n\n\n\n<p>Umsatzsteuer-Identifikationsnummer gem. \u00a7 27a UStG: DE130001778<\/p>\n","protected":false},"excerpt":{"rendered":"<p>BIZARR VERLAG OHGUntere Weidenstr. 2681543 M\u00fcnchen T +49 89 263 929mail[a]bizarrverlag.com Vertretungsberechtige Gesellschafter:Markus Schm\u00f6lz, Sissa Marquardt Handelsregistereintrag: Handelsregister M\u00fcnchenRegisternummer: HRA 73752 Umsatzsteuer-Identifikationsnummer gem. \u00a7 27a UStG: DE130001778<\/p>\n","protected":false},"author":4,"featured_media":0,"parent":0,"menu_order":0,"comment_status":"closed","ping_status":"closed","template":"","meta":[],"_links":{"self":[{"href":"https:\/\/shop.bizarrverlag.com\/index.php?rest_route=\/wp\/v2\/pages\/2302"}],"collection":[{"href":"https:\/\/shop.bizarrverlag.com\/index.php?rest_route=\/wp\/v2\/pages"}],"about":[{"href":"https:\/\/shop.bizarrverlag.com\/index.php?rest_route=\/wp\/v2\/types\/page"}],"author":[{"embeddable":true,"href":"https:\/\/shop.bizarrverlag.com\/index.php?rest_route=\/wp\/v2\/users\/4"}],"replies":[{"embeddable":true,"href":"https:\/\/shop.bizarrverlag.com\/index.php?rest_route=%2Fwp%2Fv2%2Fcomments&post=2302"}],"version-history":[{"count":2,"href":"https:\/\/shop.bizarrverlag.com\/index.php?rest_route=\/wp\/v2\/pages\/2302\/revisions"}],"predecessor-version":[{"id":2304,"href":"https:\/\/shop.bizarrverlag.com\/index.php?rest_route=\/wp\/v2\/pages\/2302\/revisions\/2304"}],"wp:attachment":[{"href":"https:\/\/shop.bizarrverlag.com\/index.php?rest_route=%2Fwp%2Fv2%2Fmedia&parent=2302"}],"curies":[{"name":"wp","href":"https:\/\/api.w.org\/{rel}","templated":true}]}}