{"id":170,"date":"2021-02-01T17:20:16","date_gmt":"2021-02-01T16:20:16","guid":{"rendered":"http:\/\/wordpress.p499382.webspaceconfig.de\/?page_id=170"},"modified":"2022-04-17T13:54:37","modified_gmt":"2022-04-17T11:54:37","slug":"agb-terms-and-conditions","status":"publish","type":"page","link":"https:\/\/shop.bizarrverlag.com\/?page_id=170","title":{"rendered":"AGB"},"content":{"rendered":"\n<figure class=\"wp-block-table\"><table><tbody><tr><td><strong>ALLGEMEINE GESCH\u00c4FTSBEDINGUNGEN<\/strong><\/td><\/tr><tr><td>Der Bizarr Verlag OHG f\u00fchrt Ihre Bestellungen auf der Grundlage der nachfolgenden Bedingungen durch. Vertragsabschlu\u00df<br>(1) Unsere Angaben zu Waren und Preisen im Rahmen des Bestellvorgangs sind unverbindlich. Der Kaufvertrag \u00fcber den oder die von Ihnen ausgew\u00e4hlten Artikel wird geschlossen, wenn wir Ihre Bestellung durch die Mitteilung \u00fcber die Auslieferung bzw. Lieferung der Ware annehmen.<br>(2) Pr\u00fcfen Sie die Best\u00e4tigung auf offensichtliche Schreib- und Rechenfehler sowie auf Abweichungen zwischen Bestellung, Best\u00e4tigung und Lieferung. Sie sind verpflichtet, uns solche Unstimmigkeiten unverz\u00fcglich mitzuteilen. Wenn Sie oder wir wegen einer Unstimmigkeit die R\u00fcckabwicklung verlangen, dann \u00f6ffnen Sie die Ware bitte nicht weiter. Senden Sie die Ware an unsere auf dem Lieferschein genannte Anschrift zur\u00fcck. Die Kosten der R\u00fccksendung werden von uns getragen, wenn Sie die Unstimmigkeit nicht vor Lieferung erkennen und uns rechtzeitig mitteilen konnten.<br>(3) Mit Ihrer Bestellung stimmen Sie zu, da\u00df wir Sie von Zeit zu Zeit, maximal 6x pro Jahr, per Mail \u00fcber Neuheiten und Sonderangebote informieren. Dies k\u00f6nnen Sie jederzeit per Mail abbestellen. <br>Widerrufsrecht<br>(1) Sie haben das Recht, den Kaufvertrag innerhalb von 14 Tagen ab Erhalt der Ware zu widerrufen. Zur Wahrung dieser Frist gen\u00fcgt die rechtzeitige Absendung des Widerrufs. Wenn die Ware von Ihnen bereits benutzt wurde oder Gebrauchsspuren aufweist behalten wir uns vor, Ihnen die Wertminderung und den Wert der Nutzung der Ware zu berechnen.<br>(2) Den Widerruf k\u00f6nnen Sie schriftlich oder per E-Mail erkl\u00e4ren. Der Widerruf ist zu richten an: Bizarr Verlag OHG, Untere Weidenstrasse 26, 881543 M\u00fcnchen. (order[a]bizarrverlag.com)<br>(3) Durch den rechtzeitigen Widerruf sind Sie nicht mehr an den Vertrag mit dem Bizarr Verlag OHG gebunden. Sie sind zur R\u00fccksendung der Ware verpflichtet. Bei einer R\u00fccksendung aus einer Warenlieferung haben Sie die Kosten der R\u00fccksendung zu tragen, wenn die gelieferte Ware der bestellten entspricht. Anderenfalls ist die R\u00fccksendung f\u00fcr Sie kostenfrei. <br>Zahlungsbedingungen<br>Alle Preise beinhalten die gesetzlich g\u00fcltige Mwst.<br>Die gelieferte Ware verbleibt bis zur vollst\u00e4ndigen Zahlung in unserem Eigentum.<br>Wir k\u00f6nnen nur die im Rahmen der Bestellung angebotenen Zahlungsweisen akzeptieren. F\u00fcr den Fall der R\u00fcckgabe oder Nichteinl\u00f6sung einer Lastschrift:<br>(a) erm\u00e4chtigen Sie Ihre Bank hiermit unwiderruflich, uns Ihren Namen und die aktuelle Anschrift mitzuteilen;<br>(b) tragen Sie s\u00e4mtliche durch diese R\u00fcckgabe\/Nichteinl\u00f6sung anfallenden Bankgeb\u00fchren.<br>Bei Bankeinzug via SEPA-Lastschrift benachrichtigen wir den Zahlungsempf\u00e4nger sp\u00e4testens 3 Tage vor Einzug \u00fcber das F\u00e4lligkeitsdatum (Prenotification).  Wir behalten uns in Einzelf\u00e4llen und in eigenem Ermessen vor, Bestellungen gegen SEPA-Lastschrift nicht auszuf\u00fchren. Eine Zahlung per SEPA-Lastschrift ist generell nicht m\u00f6glich, wenn die Lieferanschrift eine Packstation o.\u00e4. ist.<br>Gew\u00e4hrleistung (M\u00e4ngelhaftung)<br>Es gelten die Vorschriften der gesetzlichen M\u00e4ngelhaftung.<br>Wenn Sie uns M\u00e4ngel an gelieferter Ware belegen, werden wir in angemessener Zeit entweder f\u00fcr Ersatzlieferung oder Beseitigung der M\u00e4ngel sorgen. Gelingt uns dies nicht, haben Sie nach Ihrer Wahl das Recht auf R\u00fcckg\u00e4ngigmachung des Kaufs oder Herabsetzung des Kaufpreises. Jegliche M\u00e4ngel sind schriftlich anzuzeigen und m\u00fcssen von uns anerkannt werden. Mangelhafte Ware ist an uns zur\u00fcckzusenden. Die R\u00fccksendung von mangelhalfter Ware ist f\u00fcr Sie kostenfrei. Datenschutz<br>Eine Weitergabe Ihrer Daten erfolgt an das mit der Lieferung beauftragte Versand-unternehmen, soweit dies zur Lieferung der Waren notwendig ist. Zur Abwicklung von Zahlungen geben wir Ihre Zahlungsdaten an das mit der Zahlung beauftragte Kreditinstitut weiter. Unter keinen Umst\u00e4nden werden Ihre Daten an Dritte zur kommerziellen Verwendung weitergegeben. Sie k\u00f6nnen jederzeit per Mail die vollst\u00e4ndige L\u00f6schung Ihrer Daten, soweit steuerrechtlich m\u00f6glich, aus unserem System beauftragen. Wir m\u00f6chten darauf hinweisen, dass die Daten\u00fcbertragung im Internet (z.B. bei der Kommunikation per E-Mail) Sicherheitsl\u00fccken aufweisen und nicht l\u00fcckenlos vor dem Zugriff durch Dritte gesch\u00fctzt werden kann.<br>Online-Streitbeilegung gem\u00e4\u00df Art. 14 Abs. 1 ODR-VO: Die Europ\u00e4ische Kommission stellt eine Plattform zur Online-Streitbeilegung (OS) bereit, die Sie unter http:\/\/ec.europa.eu\/consumers\/odr\/ finden. Verschiedenes<br>Es gilt deutsches Recht unter Ausschluss des UN-Kaufrechts, auch wenn aus dem Ausland bestellt oder in das Ausland geliefert wird.<br>Sollte ein nicht wesentlicher Teil eines Vertrages unter diesen Bedingungen unwirksam sein oder werden, so wird die Wirksamkeit des Vertrages im \u00fcbrigen davon nicht ber\u00fchrt.<\/td><\/tr><\/tbody><\/table><\/figure>\n","protected":false},"excerpt":{"rendered":"<p>ALLGEMEINE GESCH\u00c4FTSBEDINGUNGEN Der Bizarr Verlag OHG f\u00fchrt Ihre Bestellungen auf der Grundlage der nachfolgenden Bedingungen durch. Vertragsabschlu\u00df(1) Unsere Angaben zu Waren und Preisen im Rahmen des Bestellvorgangs sind unverbindlich. Der Kaufvertrag \u00fcber den oder die von Ihnen ausgew\u00e4hlten Artikel wird geschlossen, wenn wir Ihre Bestellung durch die Mitteilung \u00fcber die Auslieferung bzw. Lieferung der Ware [&hellip;]<\/p>\n","protected":false},"author":4,"featured_media":0,"parent":0,"menu_order":0,"comment_status":"closed","ping_status":"closed","template":"","meta":[],"_links":{"self":[{"href":"https:\/\/shop.bizarrverlag.com\/index.php?rest_route=\/wp\/v2\/pages\/170"}],"collection":[{"href":"https:\/\/shop.bizarrverlag.com\/index.php?rest_route=\/wp\/v2\/pages"}],"about":[{"href":"https:\/\/shop.bizarrverlag.com\/index.php?rest_route=\/wp\/v2\/types\/page"}],"author":[{"embeddable":true,"href":"https:\/\/shop.bizarrverlag.com\/index.php?rest_route=\/wp\/v2\/users\/4"}],"replies":[{"embeddable":true,"href":"https:\/\/shop.bizarrverlag.com\/index.php?rest_route=%2Fwp%2Fv2%2Fcomments&post=170"}],"version-history":[{"count":6,"href":"https:\/\/shop.bizarrverlag.com\/index.php?rest_route=\/wp\/v2\/pages\/170\/revisions"}],"predecessor-version":[{"id":4391,"href":"https:\/\/shop.bizarrverlag.com\/index.php?rest_route=\/wp\/v2\/pages\/170\/revisions\/4391"}],"wp:attachment":[{"href":"https:\/\/shop.bizarrverlag.com\/index.php?rest_route=%2Fwp%2Fv2%2Fmedia&parent=170"}],"curies":[{"name":"wp","href":"https:\/\/api.w.org\/{rel}","templated":true}]}}